{"id":3186,"date":"2024-02-11T12:05:11","date_gmt":"2024-02-11T11:05:11","guid":{"rendered":"https:\/\/esperanto-gironde.fr\/?page_id=3186"},"modified":"2024-10-16T12:18:19","modified_gmt":"2024-10-16T10:18:19","slug":"biblioteko","status":"publish","type":"page","link":"https:\/\/esperanto-gironde.fr\/eo\/biblioteko\/","title":{"rendered":"Biblioteko"},"content":{"rendered":"\n<p>Kiel uzi la biblioteko? <a href=\"https:\/\/esperanto-gironde.fr\/utilisation-de-la-bibliotheque-partagee\/\" title=\"Vidu \u0109i tie\">Vidu \u0109i tie<\/a> (ekstera ligilo)<\/p>\n\n\n\n<p>Multaj senpagaj libroj en elektronika versio haveblas anka\u016d \u0109e: https:\/\/libro.ee\/<\/p>\n\n\n\n<p><form id=\"searchform\" method=\"GET\" action=\"\"><p><label for=\"searchby\">Search:<\/label><select id=\"searchby\" name=\"searchby\" ><option value=\"title\" selected=\"selected\">Titre : <\/option>\n<option value=\"author\">Auteur :<\/option>\n<option value=\"subject\">Propri\u00e9taire :<\/option>\n<option value=\"keyword\">Mot-Cl\u00e9<\/option>\n<option value=\"isbn\">ISBN :<\/option>\n<\/select>\n<label for=\"searchbox\">&nbsp;for<\/label><input id=\"searchbox\" name=\"searchbox\" value=\"\" \/><br \/><label for=\"weblib_orderby\">Sort by:<\/label><select id=\"weblib_orderby\" name=\"weblib_orderby\"><option value=\"barcode\" selected=\"selected\">System Sorted<\/option>\n<option value=\"title\">Title<\/option>\n<option value=\"author\">Author<\/option>\n<\/select>\n<select id=\"weblib_order\" name=\"weblib_order\"><option value=\"ASC\" selected=\"selected\">Ascending<\/option>\n<option value=\"DESC\">Descending<\/option>\n<\/select>\n<br \/><input class=\"weblib-button\" type=\"submit\" value=\"Search\" \/><\/p><\/form>\n<br><!-- barcodetable: holdbutton passed as 1 -->\n<!-- barcodetable: holdbutton reduced to  -->\n<span class=\"weblib-total-results\">226 Items Matched.<\/span><br clear=\"all\" \/><div class=\"weblib-item-pagination-table\"><div class=\"weblib-item-pagination\"><span class=\"pagelabel\">Result&nbsp;Page:<\/span><span class=\"pagelink\" style=\"width=5%;\"><a class=\"weblib-button\" href=\"https:\/\/esperanto-gironde.fr\/eo\/biblioteko\/?searchby=title&searchbox&weblib_orderby=barcode&weblib_order=ASC&pagenum=1&per_page=20\">&lt;&lt;<\/a><\/span><span class=\"pagelink\" style=\"width=5%;\"><a class=\"weblib-button\" href=\"https:\/\/esperanto-gironde.fr\/eo\/biblioteko\/?searchby=title&searchbox&weblib_orderby=barcode&weblib_order=ASC&pagenum=1&per_page=20\">&lt;<\/a><\/span><span class=\"pagelink pagenumform\"><form action=\"https:\/\/esperanto-gironde.fr\/eo\/biblioteko\/\" method=\"get\"><input class=\"weblib-button\" type=\"submit\" value=\"Goto Page\" \/><input name=\"pagenum\" type=\"text\" size=\"2\" maxlength=\"2\" value=\"1\" \/>of 12<input type=\"hidden\" name=\"searchby\" value=\"title\" \/><input type=\"hidden\" name=\"searchbox\" value=\"\" \/><input type=\"hidden\" name=\"weblib_orderby\" value=\"barcode\" \/><input type=\"hidden\" name=\"weblib_order\" value=\"ASC\" \/><input type=\"hidden\" name=\"per_page\" value=\"20\" \/><\/form><\/span><span class=\"pagelink\" style=\"width=5%;\"><a class=\"weblib-button\" href=\"https:\/\/esperanto-gironde.fr\/eo\/biblioteko\/?searchby=title&searchbox&weblib_orderby=barcode&weblib_order=ASC&pagenum=2&per_page=20\">&gt;<\/a><\/span><span class=\"pagelink\" style=\"width=5%;\"><a class=\"weblib-button\" href=\"https:\/\/esperanto-gironde.fr\/eo\/biblioteko\/?searchby=title&searchbox&weblib_orderby=barcode&weblib_order=ASC&pagenum=12&per_page=20\">&gt;&gt;<\/a><\/span><\/div><\/div><br clear=\"all\" \/><div class=\"weblib-item-table\"><div class=\"weblib-item-row\"><span class=\"weblib-item-index weblib-item-element\">1.<\/span><span class=\"weblib-item-brief weblib-item-thumb weblib-item-element\"><img decoding=\"async\" src=\"https:\/\/esperanto-gironde.fr\/wp-content\/uploads\/cover-aleo-autuna.jpg\" border=\"0\" \/><\/span><span class=\"weblib-item-brief weblib-item-info weblib-item-element\"><a href=\"https:\/\/esperanto-gironde.fr\/eo\/biblioteko\/?searchby=title&searchbox&weblib_orderby=barcode&weblib_order=ASC&barcode=1\">Aleo A\u016dtuna<\/a><br \/>Lidia Ligeza<br \/>Call Number:&nbsp;06-FEV-2024<br \/><span id=\"hold-count-1\"><\/span><\/span><\/div><div class=\"weblib-item-row\"><span class=\"weblib-item-index weblib-item-element\">2.<\/span><span class=\"weblib-item-brief weblib-item-thumb weblib-item-element\"><img decoding=\"async\" src=\"https:\/\/esperanto-gironde.fr\/wp-content\/uploads\/cover-piv-de-esperanto.jpg\" border=\"0\" \/><\/span><span class=\"weblib-item-brief weblib-item-info weblib-item-element\"><a href=\"https:\/\/esperanto-gironde.fr\/eo\/biblioteko\/?searchby=title&searchbox&weblib_orderby=barcode&weblib_order=ASC&barcode=10\">Plena ilustrita vortaro de Esperanto<\/a><br \/>ND<br \/>Call Number:&nbsp;10-MAR-2024<br \/><span id=\"hold-count-10\"><\/span><\/span><\/div><div class=\"weblib-item-row\"><span class=\"weblib-item-index weblib-item-element\">3.<\/span><span class=\"weblib-item-brief weblib-item-thumb weblib-item-element\"><img decoding=\"async\" src=\"https:\/\/esperanto-gironde.fr\/wp-content\/uploads\/cover-la-morto-nenium-forgesas-jsb.jpg\" border=\"0\" \/><\/span><span class=\"weblib-item-brief weblib-item-info weblib-item-element\"><a href=\"https:\/\/esperanto-gironde.fr\/eo\/biblioteko\/?searchby=title&searchbox&weblib_orderby=barcode&weblib_order=ASC&barcode=100\">La morto nenium forgesas<\/a><br \/>Didier Daeninckx<br \/>Call Number:&nbsp;07-AVR-2024<br \/><span id=\"hold-count-100\"><\/span><\/span><\/div><div class=\"weblib-item-row\"><span class=\"weblib-item-index weblib-item-element\">4.<\/span><span class=\"weblib-item-brief weblib-item-thumb weblib-item-element\"><img decoding=\"async\" src=\"https:\/\/esperanto-gironde.fr\/wp-content\/uploads\/cover-hamleto-jsb.jpg\" border=\"0\" \/><\/span><span class=\"weblib-item-brief weblib-item-info weblib-item-element\"><a href=\"https:\/\/esperanto-gironde.fr\/eo\/biblioteko\/?searchby=title&searchbox&weblib_orderby=barcode&weblib_order=ASC&barcode=101\">Hamleto<\/a><br \/>Sheakspeare<br \/>Call Number:&nbsp;07-AVR-2024<br \/><span id=\"hold-count-101\"><\/span><\/span><\/div><div class=\"weblib-item-row\"><span class=\"weblib-item-index weblib-item-element\">5.<\/span><span class=\"weblib-item-brief weblib-item-thumb weblib-item-element\"><img decoding=\"async\" src=\"https:\/\/esperanto-gironde.fr\/wp-content\/uploads\/cover-sezaranoj-miaj-fratoj-jsb.jpg\" border=\"0\" \/><\/span><span class=\"weblib-item-brief weblib-item-info weblib-item-element\"><a href=\"https:\/\/esperanto-gironde.fr\/eo\/biblioteko\/?searchby=title&searchbox&weblib_orderby=barcode&weblib_order=ASC&barcode=102\">Sezaranoj miaj fratoj<\/a><br \/>Michel Prodeau<br \/>Call Number:&nbsp;07-AVR-2024<br \/><span id=\"hold-count-102\"><\/span><\/span><\/div><div class=\"weblib-item-row\"><span class=\"weblib-item-index weblib-item-element\">6.<\/span><span class=\"weblib-item-brief weblib-item-thumb weblib-item-element\"><img decoding=\"async\" src=\"https:\/\/esperanto-gironde.fr\/wp-content\/uploads\/cover-sinjoro-tadeo-jsb.jpg\" border=\"0\" \/><\/span><span class=\"weblib-item-brief weblib-item-info weblib-item-element\"><a href=\"https:\/\/esperanto-gironde.fr\/eo\/biblioteko\/?searchby=title&searchbox&weblib_orderby=barcode&weblib_order=ASC&barcode=103\">Sinjoro Tadeo<\/a><br \/>Adam Mickiewicz<br \/>Call Number:&nbsp;07-AVR-2024<br \/><span id=\"hold-count-103\"><\/span><\/span><\/div><div class=\"weblib-item-row\"><span class=\"weblib-item-index weblib-item-element\">7.<\/span><span class=\"weblib-item-brief weblib-item-thumb weblib-item-element\"><img decoding=\"async\" src=\"https:\/\/esperanto-gironde.fr\/wp-content\/uploads\/cover-marta-jsb.jpg\" border=\"0\" \/><\/span><span class=\"weblib-item-brief weblib-item-info weblib-item-element\"><a href=\"https:\/\/esperanto-gironde.fr\/eo\/biblioteko\/?searchby=title&searchbox&weblib_orderby=barcode&weblib_order=ASC&barcode=104\">Marta<\/a><br \/>Eliza Orzeszko<br \/>Call Number:&nbsp;07-AVR-2024<br \/><span id=\"hold-count-104\"><\/span><\/span><\/div><div class=\"weblib-item-row\"><span class=\"weblib-item-index weblib-item-element\">8.<\/span><span class=\"weblib-item-brief weblib-item-thumb weblib-item-element\"><img decoding=\"async\" src=\"https:\/\/esperanto-gironde.fr\/wp-content\/uploads\/cover-nigra-magio-jsb.jpg\" border=\"0\" \/><\/span><span class=\"weblib-item-brief weblib-item-info weblib-item-element\"><a href=\"https:\/\/esperanto-gironde.fr\/eo\/biblioteko\/?searchby=title&searchbox&weblib_orderby=barcode&weblib_order=ASC&barcode=105\">Nigra Magio<\/a><br \/>Deck Dorval kaj C Declerck<br \/>Call Number:&nbsp;07-AVR-2024<br \/><span id=\"hold-count-105\"><\/span><\/span><\/div><div class=\"weblib-item-row\"><span class=\"weblib-item-index weblib-item-element\">9.<\/span><span class=\"weblib-item-brief weblib-item-thumb weblib-item-element\"><img decoding=\"async\" src=\"https:\/\/esperanto-gironde.fr\/wp-content\/uploads\/cover-rakontoj-pri-fantom-spitantoj-mr.jpg\" border=\"0\" \/><\/span><span class=\"weblib-item-brief weblib-item-info weblib-item-element\"><a href=\"https:\/\/esperanto-gironde.fr\/eo\/biblioteko\/?searchby=title&searchbox&weblib_orderby=barcode&weblib_order=ASC&barcode=106\">Rakontoj pri fantom-spitantoj<\/a><br \/>nd<br \/>Call Number:&nbsp;07-AVR-2024<br \/><span id=\"hold-count-106\"><\/span><\/span><\/div><div class=\"weblib-item-row\"><span class=\"weblib-item-index weblib-item-element\">10.<\/span><span class=\"weblib-item-brief weblib-item-thumb weblib-item-element\"><img decoding=\"async\" src=\"https:\/\/esperanto-gironde.fr\/wp-content\/uploads\/cover-el-la-pensoj-de-blazio-paskalo-mr.jpg\" border=\"0\" \/><\/span><span class=\"weblib-item-brief weblib-item-info weblib-item-element\"><a href=\"https:\/\/esperanto-gironde.fr\/eo\/biblioteko\/?searchby=title&searchbox&weblib_orderby=barcode&weblib_order=ASC&barcode=107\">El la Pensoj de Blazio paskalo<\/a><br \/>Blazio Paskalo<br \/>Call Number:&nbsp;07-AVR-2024<br \/><span id=\"hold-count-107\"><\/span><\/span><\/div><div class=\"weblib-item-row\"><span class=\"weblib-item-index weblib-item-element\">11.<\/span><span class=\"weblib-item-brief weblib-item-thumb weblib-item-element\"><img decoding=\"async\" src=\"https:\/\/esperanto-gironde.fr\/wp-content\/uploads\/cover-kie-ne-povas-trovi-dion-mr.jpg\" border=\"0\" \/><\/span><span class=\"weblib-item-brief weblib-item-info weblib-item-element\"><a href=\"https:\/\/esperanto-gironde.fr\/eo\/biblioteko\/?searchby=title&searchbox&weblib_orderby=barcode&weblib_order=ASC&barcode=108\">Kie ni povas trovi Dion\u00a0?<\/a><br \/>M.Schmidt-Salomon & H Nuncke<br \/>Call Number:&nbsp;07-AVR-2024<br \/><span id=\"hold-count-108\"><\/span><\/span><\/div><div class=\"weblib-item-row\"><span class=\"weblib-item-index weblib-item-element\">12.<\/span><span class=\"weblib-item-brief weblib-item-thumb weblib-item-element\"><img decoding=\"async\" src=\"https:\/\/esperanto-gironde.fr\/wp-content\/uploads\/cover-la-justuloj-mr.jpg\" border=\"0\" \/><\/span><span class=\"weblib-item-brief weblib-item-info weblib-item-element\"><a href=\"https:\/\/esperanto-gironde.fr\/eo\/biblioteko\/?searchby=title&searchbox&weblib_orderby=barcode&weblib_order=ASC&barcode=109\">La Justuloj<\/a><br \/>Albert Camus<br \/>Call Number:&nbsp;07-AVR-2024<br \/><span id=\"hold-count-109\"><\/span><\/span><\/div><div class=\"weblib-item-row\"><span class=\"weblib-item-index weblib-item-element\">13.<\/span><span class=\"weblib-item-brief weblib-item-thumb weblib-item-element\"><img decoding=\"async\" src=\"https:\/\/esperanto-gironde.fr\/wp-content\/uploads\/cover-posatlaso-de-la-mondo.jpg\" border=\"0\" \/><\/span><span class=\"weblib-item-brief weblib-item-info weblib-item-element\"><a href=\"https:\/\/esperanto-gironde.fr\/eo\/biblioteko\/?searchby=title&searchbox&weblib_orderby=barcode&weblib_order=ASC&barcode=11\">Po\u015datlaso de la mondo<\/a><br \/>ND<br \/>Call Number:&nbsp;06-FEV-2024<br \/><span id=\"hold-count-11\"><\/span><\/span><\/div><div class=\"weblib-item-row\"><span class=\"weblib-item-index weblib-item-element\">14.<\/span><span class=\"weblib-item-brief weblib-item-thumb weblib-item-element\"><img decoding=\"async\" src=\"https:\/\/esperanto-gironde.fr\/wp-content\/uploads\/cover-verdkata-testamento-mr.jpg\" border=\"0\" \/><\/span><span class=\"weblib-item-brief weblib-item-info weblib-item-element\"><a href=\"https:\/\/esperanto-gironde.fr\/eo\/biblioteko\/?searchby=title&searchbox&weblib_orderby=barcode&weblib_order=ASC&barcode=110\">Verdkata Testamento<\/a><br \/>Raymond Schwartz<br \/>Call Number:&nbsp;07-AVR-2024<br \/><span id=\"hold-count-110\"><\/span><\/span><\/div><div class=\"weblib-item-row\"><span class=\"weblib-item-index weblib-item-element\">15.<\/span><span class=\"weblib-item-brief weblib-item-thumb weblib-item-element\"><img decoding=\"async\" src=\"https:\/\/esperanto-gironde.fr\/wp-content\/uploads\/cover-la-normandaj-rakontoj-mr.jpg\" border=\"0\" \/><\/span><span class=\"weblib-item-brief weblib-item-info weblib-item-element\"><a href=\"https:\/\/esperanto-gironde.fr\/eo\/biblioteko\/?searchby=title&searchbox&weblib_orderby=barcode&weblib_order=ASC&barcode=111\">La Normandaj Rakontoj<\/a><br \/>Guy de Maupassant<br \/>Call Number:&nbsp;07-AVR-2024<br \/><span id=\"hold-count-111\"><\/span><\/span><\/div><div class=\"weblib-item-row\"><span class=\"weblib-item-index weblib-item-element\">16.<\/span><span class=\"weblib-item-brief weblib-item-thumb weblib-item-element\"><img decoding=\"async\" src=\"https:\/\/esperanto-gironde.fr\/wp-content\/uploads\/cover-la-infana-raso-mr.jpg\" border=\"0\" \/><\/span><span class=\"weblib-item-brief weblib-item-info weblib-item-element\"><a href=\"https:\/\/esperanto-gironde.fr\/eo\/biblioteko\/?searchby=title&searchbox&weblib_orderby=barcode&weblib_order=ASC&barcode=112\">La Infana Raso<\/a><br \/>William Auld<br \/>Call Number:&nbsp;15-SEP-2024<br \/><span id=\"hold-count-112\"><\/span><\/span><\/div><div class=\"weblib-item-row\"><span class=\"weblib-item-index weblib-item-element\">17.<\/span><span class=\"weblib-item-brief weblib-item-thumb weblib-item-element\"><img decoding=\"async\" src=\"https:\/\/esperanto-gironde.fr\/wp-content\/uploads\/cover-amuza-legolibro-en-esperanto-mr.jpg\" border=\"0\" \/><\/span><span class=\"weblib-item-brief weblib-item-info weblib-item-element\"><a href=\"https:\/\/esperanto-gironde.fr\/eo\/biblioteko\/?searchby=title&searchbox&weblib_orderby=barcode&weblib_order=ASC&barcode=113\">Amuza legolibro en Esperanto<\/a><br \/>Albert Lienhardt<br \/>Call Number:&nbsp;16-FEV-2025<br \/><span id=\"hold-count-113\"><\/span><\/span><\/div><div class=\"weblib-item-row\"><span class=\"weblib-item-index weblib-item-element\">18.<\/span><span class=\"weblib-item-brief weblib-item-thumb weblib-item-element\"><img decoding=\"async\" src=\"https:\/\/esperanto-gironde.fr\/wp-content\/uploads\/cover-la-hirundlibro-mr.jpg\" border=\"0\" \/><\/span><span class=\"weblib-item-brief weblib-item-info weblib-item-element\"><a href=\"https:\/\/esperanto-gironde.fr\/eo\/biblioteko\/?searchby=title&searchbox&weblib_orderby=barcode&weblib_order=ASC&barcode=114\">La Hirundlibro<\/a><br \/>Ernst Toller<br \/>Call Number:&nbsp;07-AVR-2024<br \/><span id=\"hold-count-114\"><\/span><\/span><\/div><div class=\"weblib-item-row\"><span class=\"weblib-item-index weblib-item-element\">19.<\/span><span class=\"weblib-item-brief weblib-item-thumb weblib-item-element\"><img decoding=\"async\" src=\"https:\/\/esperanto-gironde.fr\/wp-content\/uploads\/cover-leurope-parleratelle-anglais-demain-mr.jpg\" border=\"0\" \/><\/span><span class=\"weblib-item-brief weblib-item-info weblib-item-element\"><a href=\"https:\/\/esperanto-gironde.fr\/eo\/biblioteko\/?searchby=title&searchbox&weblib_orderby=barcode&weblib_order=ASC&barcode=115\">L'Europe parlera-t-elle anglais demain<\/a><br \/>Robert Chaudenson<br \/>Call Number:&nbsp;23-MAR-2025<br \/><span id=\"hold-count-115\"><\/span><\/span><\/div><div class=\"weblib-item-row\"><span class=\"weblib-item-index weblib-item-element\">20.<\/span><span class=\"weblib-item-brief weblib-item-thumb weblib-item-element\"><img decoding=\"async\" src=\"https:\/\/esperanto-gironde.fr\/wp-content\/uploads\/cover-la-intervidigo-mr.jpg\" border=\"0\" \/><\/span><span class=\"weblib-item-brief weblib-item-info weblib-item-element\"><a href=\"https:\/\/esperanto-gironde.fr\/eo\/biblioteko\/?searchby=title&searchbox&weblib_orderby=barcode&weblib_order=ASC&barcode=116\">La Intervido\u011do kaj Nekonita Dialogo<\/a><br \/>Alfred de Vigny<br \/>Call Number:&nbsp;07-AVR-2024<br \/><span id=\"hold-count-116\"><\/span><\/span><\/div><\/div><div class=\"weblib-item-pagination-table\"><div class=\"weblib-item-pagination\"><span class=\"pagelabel\">Result&nbsp;Page:<\/span><span class=\"pagelink\" style=\"width=5%;\"><a class=\"weblib-button\" href=\"https:\/\/esperanto-gironde.fr\/eo\/biblioteko\/?searchby=title&searchbox&weblib_orderby=barcode&weblib_order=ASC&pagenum=1&per_page=20\">&lt;&lt;<\/a><\/span><span class=\"pagelink\" style=\"width=5%;\"><a class=\"weblib-button\" href=\"https:\/\/esperanto-gironde.fr\/eo\/biblioteko\/?searchby=title&searchbox&weblib_orderby=barcode&weblib_order=ASC&pagenum=1&per_page=20\">&lt;<\/a><\/span><span class=\"pagelink pagenumform\"><form action=\"https:\/\/esperanto-gironde.fr\/eo\/biblioteko\/\" method=\"get\"><input class=\"weblib-button\" type=\"submit\" value=\"Goto Page\" \/><input name=\"pagenum\" type=\"text\" size=\"2\" maxlength=\"2\" value=\"1\" \/>of 12<input type=\"hidden\" name=\"searchby\" value=\"title\" \/><input type=\"hidden\" name=\"searchbox\" value=\"\" \/><input type=\"hidden\" name=\"weblib_orderby\" value=\"barcode\" \/><input type=\"hidden\" name=\"weblib_order\" value=\"ASC\" \/><input type=\"hidden\" name=\"per_page\" value=\"20\" \/><\/form><\/span><span class=\"pagelink\" style=\"width=5%;\"><a class=\"weblib-button\" href=\"https:\/\/esperanto-gironde.fr\/eo\/biblioteko\/?searchby=title&searchbox&weblib_orderby=barcode&weblib_order=ASC&pagenum=2&per_page=20\">&gt;<\/a><\/span><span class=\"pagelink\" style=\"width=5%;\"><a class=\"weblib-button\" href=\"https:\/\/esperanto-gironde.fr\/eo\/biblioteko\/?searchby=title&searchbox&weblib_orderby=barcode&weblib_order=ASC&pagenum=12&per_page=20\">&gt;&gt;<\/a><\/span><\/div><\/div><br clear=\"all\" \/><\/p>\n","protected":false},"excerpt":{"rendered":"<p>Kiel uzi la biblioteko? Vidu \u0109i tie (ekstera ligilo) Multaj senpagaj libroj en elektronika versio haveblas anka\u016d \u0109e: https:\/\/libro.ee\/<\/p>\n","protected":false},"author":6,"featured_media":0,"parent":0,"menu_order":0,"comment_status":"closed","ping_status":"closed","template":"","meta":{"footnotes":""},"class_list":["post-3186","page","type-page","status-publish","hentry"],"translation":{"provider":"WPGlobus","version":"3.0.2","language":"eo","enabled_languages":["fr","eo"],"languages":{"fr":{"title":true,"content":true,"excerpt":false},"eo":{"title":true,"content":true,"excerpt":false}}},"aioseo_notices":[],"_links":{"self":[{"href":"https:\/\/esperanto-gironde.fr\/eo\/wp-json\/wp\/v2\/pages\/3186","targetHints":{"allow":["GET"]}}],"collection":[{"href":"https:\/\/esperanto-gironde.fr\/eo\/wp-json\/wp\/v2\/pages"}],"about":[{"href":"https:\/\/esperanto-gironde.fr\/eo\/wp-json\/wp\/v2\/types\/page"}],"author":[{"embeddable":true,"href":"https:\/\/esperanto-gironde.fr\/eo\/wp-json\/wp\/v2\/users\/6"}],"replies":[{"embeddable":true,"href":"https:\/\/esperanto-gironde.fr\/eo\/wp-json\/wp\/v2\/comments?post=3186"}],"version-history":[{"count":14,"href":"https:\/\/esperanto-gironde.fr\/eo\/wp-json\/wp\/v2\/pages\/3186\/revisions"}],"predecessor-version":[{"id":3756,"href":"https:\/\/esperanto-gironde.fr\/eo\/wp-json\/wp\/v2\/pages\/3186\/revisions\/3756"}],"wp:attachment":[{"href":"https:\/\/esperanto-gironde.fr\/eo\/wp-json\/wp\/v2\/media?parent=3186"}],"curies":[{"name":"wp","href":"https:\/\/api.w.org\/{rel}","templated":true}]}}